{"id":57,"date":"2023-05-15T13:53:57","date_gmt":"2023-05-15T11:53:57","guid":{"rendered":"https:\/\/www.snitem.fr\/sport-et-handicap\/?page_id=57"},"modified":"2024-04-23T13:56:53","modified_gmt":"2024-04-23T11:56:53","slug":"les-16-athletes-du-programme","status":"publish","type":"page","link":"https:\/\/www.snitem.fr\/sport-et-handicap\/les-16-athletes-du-programme\/","title":{"rendered":"Les 15 athl\u00e8tes du programme"},"content":{"rendered":"\n<h2 class=\"wp-block-heading\">Pr\u00e9sentation des athl\u00e8tes<\/h2>\n\n\n\n<p>L&rsquo;\u00e9quipe de para-athl\u00e8tes du programme \u00ab Sport &amp; Handicap<em> by Snitem<\/em> \u00bb est caract\u00e9ris\u00e9e par sa diversit\u00e9, tant par les disciplines repr\u00e9sent\u00e9es (para-triathlon , para-athl\u00e9tisme, para-badminton, tennis fauteuil, para-natation\u2026) que dans les profils des athl\u00e8tes (seniors ou jeunes athl\u00e8tes, espoirs ou sportifs aguerris voire m\u00e9daill\u00e9s\u2026). Avec des vies et des parcours passionnants et extr\u00eamement inspirants, fruit de la volont\u00e9 d&rsquo;avoir un panorama le plus vari\u00e9 possible du parasport Fran\u00e7ais.<\/p>\n","protected":false},"excerpt":{"rendered":"<p>Pr\u00e9sentation des athl\u00e8tes L&rsquo;\u00e9quipe de para-athl\u00e8tes du programme \u00ab Sport &amp; Handicap by Snitem \u00bb est caract\u00e9ris\u00e9e par sa diversit\u00e9, tant par les disciplines repr\u00e9sent\u00e9es (para-triathlon , para-athl\u00e9tisme, para-badminton, tennis fauteuil, para-natation\u2026) que dans les profils des athl\u00e8tes (seniors ou jeunes athl\u00e8tes, espoirs ou sportifs aguerris voire m\u00e9daill\u00e9s\u2026). Avec des vies et des parcours passionnants &hellip;<\/p>\n","protected":false},"author":1,"featured_media":0,"parent":0,"menu_order":0,"comment_status":"closed","ping_status":"closed","template":"tpl-athletes.php","meta":{"_acf_changed":false,"footnotes":""},"class_list":["post-57","page","type-page","status-publish","hentry"],"acf":[],"yoast_head":"<!-- This site is optimized with the Yoast SEO plugin v27.3 - https:\/\/yoast.com\/product\/yoast-seo-wordpress\/ -->\n<title>Les 15 athl\u00e8tes du programme - Sport et handicap<\/title>\n<meta name=\"robots\" content=\"index, follow, max-snippet:-1, max-image-preview:large, max-video-preview:-1\" \/>\n<link rel=\"canonical\" href=\"https:\/\/www.snitem.fr\/sport-et-handicap\/les-16-athletes-du-programme\/\" \/>\n<meta property=\"og:locale\" content=\"fr_FR\" \/>\n<meta property=\"og:type\" content=\"article\" \/>\n<meta property=\"og:title\" content=\"Les 15 athl\u00e8tes du programme - Sport et handicap\" \/>\n<meta property=\"og:description\" content=\"Pr\u00e9sentation des athl\u00e8tes L&rsquo;\u00e9quipe de para-athl\u00e8tes du programme \u00ab Sport &amp; Handicap by Snitem \u00bb est caract\u00e9ris\u00e9e par sa diversit\u00e9, tant par les disciplines repr\u00e9sent\u00e9es (para-triathlon , para-athl\u00e9tisme, para-badminton, tennis fauteuil, para-natation\u2026) que dans les profils des athl\u00e8tes (seniors ou jeunes athl\u00e8tes, espoirs ou sportifs aguerris voire m\u00e9daill\u00e9s\u2026). Avec des vies et des parcours passionnants &hellip;\" \/>\n<meta property=\"og:url\" content=\"https:\/\/www.snitem.fr\/sport-et-handicap\/les-16-athletes-du-programme\/\" \/>\n<meta property=\"og:site_name\" content=\"Sport et handicap\" \/>\n<meta property=\"article:modified_time\" content=\"2024-04-23T11:56:53+00:00\" \/>\n<meta name=\"twitter:card\" content=\"summary_large_image\" \/>\n<meta name=\"twitter:label1\" content=\"Dur\u00e9e de lecture estim\u00e9e\" \/>\n\t<meta name=\"twitter:data1\" content=\"1 minute\" \/>\n<script type=\"application\/ld+json\" class=\"yoast-schema-graph\">{\"@context\":\"https:\\\/\\\/schema.org\",\"@graph\":[{\"@type\":\"WebPage\",\"@id\":\"https:\\\/\\\/www.snitem.fr\\\/sport-et-handicap\\\/les-16-athletes-du-programme\\\/\",\"url\":\"https:\\\/\\\/www.snitem.fr\\\/sport-et-handicap\\\/les-16-athletes-du-programme\\\/\",\"name\":\"Les 15 athl\u00e8tes du programme - Sport et handicap\",\"isPartOf\":{\"@id\":\"http:\\\/\\\/snitemhandi.illisite.info\\\/#website\"},\"datePublished\":\"2023-05-15T11:53:57+00:00\",\"dateModified\":\"2024-04-23T11:56:53+00:00\",\"breadcrumb\":{\"@id\":\"https:\\\/\\\/www.snitem.fr\\\/sport-et-handicap\\\/les-16-athletes-du-programme\\\/#breadcrumb\"},\"inLanguage\":\"fr-FR\",\"potentialAction\":[{\"@type\":\"ReadAction\",\"target\":[\"https:\\\/\\\/www.snitem.fr\\\/sport-et-handicap\\\/les-16-athletes-du-programme\\\/\"]}]},{\"@type\":\"BreadcrumbList\",\"@id\":\"https:\\\/\\\/www.snitem.fr\\\/sport-et-handicap\\\/les-16-athletes-du-programme\\\/#breadcrumb\",\"itemListElement\":[{\"@type\":\"ListItem\",\"position\":1,\"name\":\"Accueil\",\"item\":\"https:\\\/\\\/www.snitem.fr\\\/sport-et-handicap\\\/\"},{\"@type\":\"ListItem\",\"position\":2,\"name\":\"Les 15 athl\u00e8tes du programme\"}]},{\"@type\":\"WebSite\",\"@id\":\"http:\\\/\\\/snitemhandi.illisite.info\\\/#website\",\"url\":\"http:\\\/\\\/snitemhandi.illisite.info\\\/\",\"name\":\"Sport et handicap\",\"description\":\"\",\"potentialAction\":[{\"@type\":\"SearchAction\",\"target\":{\"@type\":\"EntryPoint\",\"urlTemplate\":\"http:\\\/\\\/snitemhandi.illisite.info\\\/?s={search_term_string}\"},\"query-input\":{\"@type\":\"PropertyValueSpecification\",\"valueRequired\":true,\"valueName\":\"search_term_string\"}}],\"inLanguage\":\"fr-FR\"}]}<\/script>\n<!-- \/ Yoast SEO plugin. -->","yoast_head_json":{"title":"Les 15 athl\u00e8tes du programme - Sport et handicap","robots":{"index":"index","follow":"follow","max-snippet":"max-snippet:-1","max-image-preview":"max-image-preview:large","max-video-preview":"max-video-preview:-1"},"canonical":"https:\/\/www.snitem.fr\/sport-et-handicap\/les-16-athletes-du-programme\/","og_locale":"fr_FR","og_type":"article","og_title":"Les 15 athl\u00e8tes du programme - Sport et handicap","og_description":"Pr\u00e9sentation des athl\u00e8tes L&rsquo;\u00e9quipe de para-athl\u00e8tes du programme \u00ab Sport &amp; Handicap by Snitem \u00bb est caract\u00e9ris\u00e9e par sa diversit\u00e9, tant par les disciplines repr\u00e9sent\u00e9es (para-triathlon , para-athl\u00e9tisme, para-badminton, tennis fauteuil, para-natation\u2026) que dans les profils des athl\u00e8tes (seniors ou jeunes athl\u00e8tes, espoirs ou sportifs aguerris voire m\u00e9daill\u00e9s\u2026). Avec des vies et des parcours passionnants &hellip;","og_url":"https:\/\/www.snitem.fr\/sport-et-handicap\/les-16-athletes-du-programme\/","og_site_name":"Sport et handicap","article_modified_time":"2024-04-23T11:56:53+00:00","twitter_card":"summary_large_image","twitter_misc":{"Dur\u00e9e de lecture estim\u00e9e":"1 minute"},"schema":{"@context":"https:\/\/schema.org","@graph":[{"@type":"WebPage","@id":"https:\/\/www.snitem.fr\/sport-et-handicap\/les-16-athletes-du-programme\/","url":"https:\/\/www.snitem.fr\/sport-et-handicap\/les-16-athletes-du-programme\/","name":"Les 15 athl\u00e8tes du programme - Sport et handicap","isPartOf":{"@id":"http:\/\/snitemhandi.illisite.info\/#website"},"datePublished":"2023-05-15T11:53:57+00:00","dateModified":"2024-04-23T11:56:53+00:00","breadcrumb":{"@id":"https:\/\/www.snitem.fr\/sport-et-handicap\/les-16-athletes-du-programme\/#breadcrumb"},"inLanguage":"fr-FR","potentialAction":[{"@type":"ReadAction","target":["https:\/\/www.snitem.fr\/sport-et-handicap\/les-16-athletes-du-programme\/"]}]},{"@type":"BreadcrumbList","@id":"https:\/\/www.snitem.fr\/sport-et-handicap\/les-16-athletes-du-programme\/#breadcrumb","itemListElement":[{"@type":"ListItem","position":1,"name":"Accueil","item":"https:\/\/www.snitem.fr\/sport-et-handicap\/"},{"@type":"ListItem","position":2,"name":"Les 15 athl\u00e8tes du programme"}]},{"@type":"WebSite","@id":"http:\/\/snitemhandi.illisite.info\/#website","url":"http:\/\/snitemhandi.illisite.info\/","name":"Sport et handicap","description":"","potentialAction":[{"@type":"SearchAction","target":{"@type":"EntryPoint","urlTemplate":"http:\/\/snitemhandi.illisite.info\/?s={search_term_string}"},"query-input":{"@type":"PropertyValueSpecification","valueRequired":true,"valueName":"search_term_string"}}],"inLanguage":"fr-FR"}]}},"_links":{"self":[{"href":"https:\/\/www.snitem.fr\/sport-et-handicap\/wp-json\/wp\/v2\/pages\/57","targetHints":{"allow":["GET"]}}],"collection":[{"href":"https:\/\/www.snitem.fr\/sport-et-handicap\/wp-json\/wp\/v2\/pages"}],"about":[{"href":"https:\/\/www.snitem.fr\/sport-et-handicap\/wp-json\/wp\/v2\/types\/page"}],"author":[{"embeddable":true,"href":"https:\/\/www.snitem.fr\/sport-et-handicap\/wp-json\/wp\/v2\/users\/1"}],"replies":[{"embeddable":true,"href":"https:\/\/www.snitem.fr\/sport-et-handicap\/wp-json\/wp\/v2\/comments?post=57"}],"version-history":[{"count":6,"href":"https:\/\/www.snitem.fr\/sport-et-handicap\/wp-json\/wp\/v2\/pages\/57\/revisions"}],"predecessor-version":[{"id":471,"href":"https:\/\/www.snitem.fr\/sport-et-handicap\/wp-json\/wp\/v2\/pages\/57\/revisions\/471"}],"wp:attachment":[{"href":"https:\/\/www.snitem.fr\/sport-et-handicap\/wp-json\/wp\/v2\/media?parent=57"}],"curies":[{"name":"wp","href":"https:\/\/api.w.org\/{rel}","templated":true}]}}