{"id":72,"date":"2023-05-16T09:58:02","date_gmt":"2023-05-16T07:58:02","guid":{"rendered":"https:\/\/www.snitem.fr\/sport-et-handicap\/?page_id=72"},"modified":"2024-11-22T11:17:45","modified_gmt":"2024-11-22T10:17:45","slug":"les-entreprise-partenaires","status":"publish","type":"page","link":"https:\/\/www.snitem.fr\/sport-et-handicap\/les-entreprise-partenaires\/","title":{"rendered":"Les entreprises partenaires"},"content":{"rendered":"\n<h2 class=\"wp-block-heading\">Pr\u00e9sentation des partenaires<\/h2>\n\n\n\n<p>Au total, ce sont 17 entreprises adh\u00e9rentes du Snitem qui ont d\u00e9cid\u00e9 de s&rsquo;engager pour une ann\u00e9e suppl\u00e9mentaire (2024\/2025) et de participer financi\u00e8rement au Programme Sport &amp; Handicap.<\/p>\n\n\n\n<p><\/p>\n","protected":false},"excerpt":{"rendered":"<p>Pr\u00e9sentation des partenaires Au total, ce sont 17 entreprises adh\u00e9rentes du Snitem qui ont d\u00e9cid\u00e9 de s&rsquo;engager pour une ann\u00e9e suppl\u00e9mentaire (2024\/2025) et de participer financi\u00e8rement au Programme Sport &amp; Handicap.<\/p>\n","protected":false},"author":1,"featured_media":0,"parent":0,"menu_order":0,"comment_status":"closed","ping_status":"closed","template":"tpl-partenaires.php","meta":{"_acf_changed":false,"footnotes":""},"class_list":["post-72","page","type-page","status-publish","hentry"],"acf":[],"yoast_head":"<!-- This site is optimized with the Yoast SEO plugin v27.4 - https:\/\/yoast.com\/product\/yoast-seo-wordpress\/ -->\n<title>Les entreprises partenaires - Sport et handicap<\/title>\n<meta name=\"robots\" content=\"index, follow, max-snippet:-1, max-image-preview:large, max-video-preview:-1\" \/>\n<link rel=\"canonical\" href=\"https:\/\/www.snitem.fr\/sport-et-handicap\/les-entreprise-partenaires\/\" \/>\n<meta property=\"og:locale\" content=\"fr_FR\" \/>\n<meta property=\"og:type\" content=\"article\" \/>\n<meta property=\"og:title\" content=\"Les entreprises partenaires - Sport et handicap\" \/>\n<meta property=\"og:description\" content=\"Pr\u00e9sentation des partenaires Au total, ce sont 17 entreprises adh\u00e9rentes du Snitem qui ont d\u00e9cid\u00e9 de s&rsquo;engager pour une ann\u00e9e suppl\u00e9mentaire (2024\/2025) et de participer financi\u00e8rement au Programme Sport &amp; Handicap.\" \/>\n<meta property=\"og:url\" content=\"https:\/\/www.snitem.fr\/sport-et-handicap\/les-entreprise-partenaires\/\" \/>\n<meta property=\"og:site_name\" content=\"Sport et handicap\" \/>\n<meta property=\"article:modified_time\" content=\"2024-11-22T10:17:45+00:00\" \/>\n<meta name=\"twitter:card\" content=\"summary_large_image\" \/>\n<meta name=\"twitter:label1\" content=\"Dur\u00e9e de lecture estim\u00e9e\" \/>\n\t<meta name=\"twitter:data1\" content=\"1 minute\" \/>\n<script type=\"application\/ld+json\" class=\"yoast-schema-graph\">{\"@context\":\"https:\\\/\\\/schema.org\",\"@graph\":[{\"@type\":\"WebPage\",\"@id\":\"https:\\\/\\\/www.snitem.fr\\\/sport-et-handicap\\\/les-entreprise-partenaires\\\/\",\"url\":\"https:\\\/\\\/www.snitem.fr\\\/sport-et-handicap\\\/les-entreprise-partenaires\\\/\",\"name\":\"Les entreprises partenaires - Sport et handicap\",\"isPartOf\":{\"@id\":\"http:\\\/\\\/snitemhandi.illisite.info\\\/#website\"},\"datePublished\":\"2023-05-16T07:58:02+00:00\",\"dateModified\":\"2024-11-22T10:17:45+00:00\",\"breadcrumb\":{\"@id\":\"https:\\\/\\\/www.snitem.fr\\\/sport-et-handicap\\\/les-entreprise-partenaires\\\/#breadcrumb\"},\"inLanguage\":\"fr-FR\",\"potentialAction\":[{\"@type\":\"ReadAction\",\"target\":[\"https:\\\/\\\/www.snitem.fr\\\/sport-et-handicap\\\/les-entreprise-partenaires\\\/\"]}]},{\"@type\":\"BreadcrumbList\",\"@id\":\"https:\\\/\\\/www.snitem.fr\\\/sport-et-handicap\\\/les-entreprise-partenaires\\\/#breadcrumb\",\"itemListElement\":[{\"@type\":\"ListItem\",\"position\":1,\"name\":\"Accueil\",\"item\":\"https:\\\/\\\/www.snitem.fr\\\/sport-et-handicap\\\/\"},{\"@type\":\"ListItem\",\"position\":2,\"name\":\"Les entreprises partenaires\"}]},{\"@type\":\"WebSite\",\"@id\":\"http:\\\/\\\/snitemhandi.illisite.info\\\/#website\",\"url\":\"http:\\\/\\\/snitemhandi.illisite.info\\\/\",\"name\":\"Sport et handicap\",\"description\":\"\",\"potentialAction\":[{\"@type\":\"SearchAction\",\"target\":{\"@type\":\"EntryPoint\",\"urlTemplate\":\"http:\\\/\\\/snitemhandi.illisite.info\\\/?s={search_term_string}\"},\"query-input\":{\"@type\":\"PropertyValueSpecification\",\"valueRequired\":true,\"valueName\":\"search_term_string\"}}],\"inLanguage\":\"fr-FR\"}]}<\/script>\n<!-- \/ Yoast SEO plugin. -->","yoast_head_json":{"title":"Les entreprises partenaires - Sport et handicap","robots":{"index":"index","follow":"follow","max-snippet":"max-snippet:-1","max-image-preview":"max-image-preview:large","max-video-preview":"max-video-preview:-1"},"canonical":"https:\/\/www.snitem.fr\/sport-et-handicap\/les-entreprise-partenaires\/","og_locale":"fr_FR","og_type":"article","og_title":"Les entreprises partenaires - Sport et handicap","og_description":"Pr\u00e9sentation des partenaires Au total, ce sont 17 entreprises adh\u00e9rentes du Snitem qui ont d\u00e9cid\u00e9 de s&rsquo;engager pour une ann\u00e9e suppl\u00e9mentaire (2024\/2025) et de participer financi\u00e8rement au Programme Sport &amp; Handicap.","og_url":"https:\/\/www.snitem.fr\/sport-et-handicap\/les-entreprise-partenaires\/","og_site_name":"Sport et handicap","article_modified_time":"2024-11-22T10:17:45+00:00","twitter_card":"summary_large_image","twitter_misc":{"Dur\u00e9e de lecture estim\u00e9e":"1 minute"},"schema":{"@context":"https:\/\/schema.org","@graph":[{"@type":"WebPage","@id":"https:\/\/www.snitem.fr\/sport-et-handicap\/les-entreprise-partenaires\/","url":"https:\/\/www.snitem.fr\/sport-et-handicap\/les-entreprise-partenaires\/","name":"Les entreprises partenaires - Sport et handicap","isPartOf":{"@id":"http:\/\/snitemhandi.illisite.info\/#website"},"datePublished":"2023-05-16T07:58:02+00:00","dateModified":"2024-11-22T10:17:45+00:00","breadcrumb":{"@id":"https:\/\/www.snitem.fr\/sport-et-handicap\/les-entreprise-partenaires\/#breadcrumb"},"inLanguage":"fr-FR","potentialAction":[{"@type":"ReadAction","target":["https:\/\/www.snitem.fr\/sport-et-handicap\/les-entreprise-partenaires\/"]}]},{"@type":"BreadcrumbList","@id":"https:\/\/www.snitem.fr\/sport-et-handicap\/les-entreprise-partenaires\/#breadcrumb","itemListElement":[{"@type":"ListItem","position":1,"name":"Accueil","item":"https:\/\/www.snitem.fr\/sport-et-handicap\/"},{"@type":"ListItem","position":2,"name":"Les entreprises partenaires"}]},{"@type":"WebSite","@id":"http:\/\/snitemhandi.illisite.info\/#website","url":"http:\/\/snitemhandi.illisite.info\/","name":"Sport et handicap","description":"","potentialAction":[{"@type":"SearchAction","target":{"@type":"EntryPoint","urlTemplate":"http:\/\/snitemhandi.illisite.info\/?s={search_term_string}"},"query-input":{"@type":"PropertyValueSpecification","valueRequired":true,"valueName":"search_term_string"}}],"inLanguage":"fr-FR"}]}},"_links":{"self":[{"href":"https:\/\/www.snitem.fr\/sport-et-handicap\/wp-json\/wp\/v2\/pages\/72","targetHints":{"allow":["GET"]}}],"collection":[{"href":"https:\/\/www.snitem.fr\/sport-et-handicap\/wp-json\/wp\/v2\/pages"}],"about":[{"href":"https:\/\/www.snitem.fr\/sport-et-handicap\/wp-json\/wp\/v2\/types\/page"}],"author":[{"embeddable":true,"href":"https:\/\/www.snitem.fr\/sport-et-handicap\/wp-json\/wp\/v2\/users\/1"}],"replies":[{"embeddable":true,"href":"https:\/\/www.snitem.fr\/sport-et-handicap\/wp-json\/wp\/v2\/comments?post=72"}],"version-history":[{"count":7,"href":"https:\/\/www.snitem.fr\/sport-et-handicap\/wp-json\/wp\/v2\/pages\/72\/revisions"}],"predecessor-version":[{"id":538,"href":"https:\/\/www.snitem.fr\/sport-et-handicap\/wp-json\/wp\/v2\/pages\/72\/revisions\/538"}],"wp:attachment":[{"href":"https:\/\/www.snitem.fr\/sport-et-handicap\/wp-json\/wp\/v2\/media?parent=72"}],"curies":[{"name":"wp","href":"https:\/\/api.w.org\/{rel}","templated":true}]}}