{"id":85,"date":"2023-05-16T16:23:47","date_gmt":"2023-05-16T14:23:47","guid":{"rendered":"https:\/\/www.snitem.fr\/sport-et-handicap\/?page_id=85"},"modified":"2024-04-23T13:59:15","modified_gmt":"2024-04-23T11:59:15","slug":"histoire-et-valeurs-du-programme","status":"publish","type":"page","link":"https:\/\/www.snitem.fr\/sport-et-handicap\/histoire-et-valeurs-du-programme\/","title":{"rendered":"Histoire et valeurs du programme"},"content":{"rendered":"\n<div class=\"wp-block-columns is-layout-flex wp-container-core-columns-is-layout-9d6595d7 wp-block-columns-is-layout-flex\">\n<div class=\"wp-block-column is-layout-flow wp-block-column-is-layout-flow\" style=\"flex-basis:48%\">\n<h2 class=\"wp-block-heading\">Pr\u00e9sentation du programme<\/h2>\n\n\n\n<p><strong>\u00ab\u00a0Sport &amp; Handicap by Snitem\u00a0\u00bb : c&rsquo;est le nom du nouveau projet du Snitem &#8211; qui en est \u00e0 la fois l&rsquo;instigateur et le porteur &#8211; afin de montrer l&rsquo;implication de la fili\u00e8re du DM dans les questions li\u00e9es au handicap.<br>Lanc\u00e9 officiellement en mai 2023, ce programme veut se servir du levier sportif pour mettre en lumi\u00e8re cette th\u00e9matique, en nouant des liens \u00e9troits entre entreprises du dispositif m\u00e9dical et para-athl\u00e8tes.<\/strong><\/p>\n\n\n\n<p>Ces deux mondes ont toujours \u00e9t\u00e9 \u00e9troitement li\u00e9es. En effet, lorsqu&rsquo;en 1948 le Dr Guttmann participait \u00e0 initier les premiers Jeux Paralympiques, il avait notamment l&rsquo;ambition d&rsquo;acc\u00e9l\u00e9rer le r\u00e9tablissement de ses patients parapl\u00e9giques. Aujourd&rsquo;hui, les actions du Snitem font \u00e9cho \u00e0 cet engagement, notamment \u00e0 travers sa vocation principale qui est de faire avancer la sant\u00e9 et de valoriser le secteur des dispositifs m\u00e9dicaux.<\/p>\n\n\n\n<p>C&rsquo;est pourquoi, le Snitem a souhait\u00e9 mettre en place une collaboration in\u00e9dite et finalement \u00e9vidente entre le monde du handisport et celui de la fili\u00e8re du dispositif m\u00e9dical.<\/p>\n\n\n\n<p>L&rsquo;objectif est de cr\u00e9er et f\u00e9d\u00e9rer une communaut\u00e9 engag\u00e9e autour du projet tout en renfor\u00e7ant la visibilit\u00e9 de la fili\u00e8re des technologies m\u00e9dicales, et en encourageant l&rsquo;\u00e9volution des technologies m\u00e9dicales notamment pour les parasportifs. En effet, le d\u00e9veloppement des technologies m\u00e9dicales pour les pratiques sportives de haut niveau contribue \u00e0 am\u00e9liorer la connaissance scientifique, les performances des athl\u00e8tes et le niveau technologique des dispositifs m\u00e9dicaux.<\/p>\n<\/div>\n\n\n\n<div class=\"wp-block-column is-layout-flow wp-block-column-is-layout-flow\" style=\"flex-basis:48%\">\n<div style=\"height:47px\" aria-hidden=\"true\" class=\"wp-block-spacer\"><\/div>\n\n\n\n<figure class=\"wp-block-image alignfull size-large\"><img loading=\"lazy\" decoding=\"async\" width=\"1024\" height=\"683\" src=\"https:\/\/www.snitem.fr\/sport-et-handicap\/wp-content\/uploads\/2023\/05\/Visuel-site-1024x683.jpeg\" alt=\"\" class=\"wp-image-375\" srcset=\"https:\/\/www.snitem.fr\/sport-et-handicap\/wp-content\/uploads\/2023\/05\/Visuel-site-1024x683.jpeg 1024w, https:\/\/www.snitem.fr\/sport-et-handicap\/wp-content\/uploads\/2023\/05\/Visuel-site-2048x1365.jpeg 2048w, https:\/\/www.snitem.fr\/sport-et-handicap\/wp-content\/uploads\/2023\/05\/Visuel-site-165x110.jpeg 165w, https:\/\/www.snitem.fr\/sport-et-handicap\/wp-content\/uploads\/2023\/05\/Visuel-site-300x200.jpeg 300w, https:\/\/www.snitem.fr\/sport-et-handicap\/wp-content\/uploads\/2023\/05\/Visuel-site-768x512.jpeg 768w, https:\/\/www.snitem.fr\/sport-et-handicap\/wp-content\/uploads\/2023\/05\/Visuel-site-1536x1024.jpeg 1536w\" sizes=\"auto, (max-width: 1024px) 100vw, 1024px\" \/><\/figure>\n\n\n\n<p><strong>De plus, les sportifs de haut niveau sacrifient beaucoup pour performer : notre volont\u00e9 est qu&rsquo;ils b\u00e9n\u00e9ficient du meilleur environnement \u00e0 toutes les \u00e9tapes de leur parcours, des premiers moments de leur pr\u00e9paration, jusqu&rsquo;\u00e0 la cons\u00e9cration que repr\u00e9sente une m\u00e9daille.<\/strong><\/p>\n\n\n\n<p>C&rsquo;est pourquoi le c\u0153ur de ce Programme, r\u00e9side dans le fait de soutenir financi\u00e8rement des para athl\u00e8tes dans leur approche des grandes \u00e9ch\u00e9ances sportives de ces prochaines ann\u00e9es, telles que les Championnats du monde de para-athl\u00e9tisme en juillet 2023 ou encore les Jeux Paralympiques en 2024.<\/p>\n\n\n\n<p>Concr\u00e8tement, le Snitem et ses 20 entreprises adh\u00e9rentes, se sont engag\u00e9es pour 2023 \u00e0 financer 15 para-athl\u00e8tes \u00e0 hauteur de 160 000\u20ac.<\/p>\n<\/div>\n<\/div>\n","protected":false},"excerpt":{"rendered":"<p>Pr\u00e9sentation du programme \u00ab\u00a0Sport &amp; Handicap by Snitem\u00a0\u00bb : c&rsquo;est le nom du nouveau projet du Snitem &#8211; qui en est \u00e0 la fois l&rsquo;instigateur et le porteur &#8211; afin de montrer l&rsquo;implication de la fili\u00e8re du DM dans les questions li\u00e9es au handicap.Lanc\u00e9 officiellement en mai 2023, ce programme veut se servir du levier &hellip;<\/p>\n","protected":false},"author":1,"featured_media":0,"parent":0,"menu_order":0,"comment_status":"closed","ping_status":"closed","template":"","meta":{"_acf_changed":false,"footnotes":""},"class_list":["post-85","page","type-page","status-publish","hentry"],"acf":[],"yoast_head":"<!-- This site is optimized with the Yoast SEO plugin v27.3 - https:\/\/yoast.com\/product\/yoast-seo-wordpress\/ -->\n<title>Histoire et valeurs du programme - Sport et handicap<\/title>\n<meta name=\"robots\" content=\"index, follow, max-snippet:-1, max-image-preview:large, max-video-preview:-1\" \/>\n<link rel=\"canonical\" href=\"https:\/\/www.snitem.fr\/sport-et-handicap\/histoire-et-valeurs-du-programme\/\" \/>\n<meta property=\"og:locale\" content=\"fr_FR\" \/>\n<meta property=\"og:type\" content=\"article\" \/>\n<meta property=\"og:title\" content=\"Histoire et valeurs du programme - Sport et handicap\" \/>\n<meta property=\"og:description\" content=\"Pr\u00e9sentation du programme \u00ab\u00a0Sport &amp; Handicap by Snitem\u00a0\u00bb : c&rsquo;est le nom du nouveau projet du Snitem &#8211; qui en est \u00e0 la fois l&rsquo;instigateur et le porteur &#8211; afin de montrer l&rsquo;implication de la fili\u00e8re du DM dans les questions li\u00e9es au handicap.Lanc\u00e9 officiellement en mai 2023, ce programme veut se servir du levier &hellip;\" \/>\n<meta property=\"og:url\" content=\"https:\/\/www.snitem.fr\/sport-et-handicap\/histoire-et-valeurs-du-programme\/\" \/>\n<meta property=\"og:site_name\" content=\"Sport et handicap\" \/>\n<meta property=\"article:modified_time\" content=\"2024-04-23T11:59:15+00:00\" \/>\n<meta property=\"og:image\" content=\"https:\/\/www.snitem.fr\/sport-et-handicap\/wp-content\/uploads\/2023\/05\/Visuel-site-1024x683.jpeg\" \/>\n<meta name=\"twitter:card\" content=\"summary_large_image\" \/>\n<meta name=\"twitter:label1\" content=\"Dur\u00e9e de lecture estim\u00e9e\" \/>\n\t<meta name=\"twitter:data1\" content=\"2 minutes\" \/>\n<script type=\"application\/ld+json\" class=\"yoast-schema-graph\">{\"@context\":\"https:\\\/\\\/schema.org\",\"@graph\":[{\"@type\":\"WebPage\",\"@id\":\"https:\\\/\\\/www.snitem.fr\\\/sport-et-handicap\\\/histoire-et-valeurs-du-programme\\\/\",\"url\":\"https:\\\/\\\/www.snitem.fr\\\/sport-et-handicap\\\/histoire-et-valeurs-du-programme\\\/\",\"name\":\"Histoire et valeurs du programme - Sport et handicap\",\"isPartOf\":{\"@id\":\"http:\\\/\\\/snitemhandi.illisite.info\\\/#website\"},\"primaryImageOfPage\":{\"@id\":\"https:\\\/\\\/www.snitem.fr\\\/sport-et-handicap\\\/histoire-et-valeurs-du-programme\\\/#primaryimage\"},\"image\":{\"@id\":\"https:\\\/\\\/www.snitem.fr\\\/sport-et-handicap\\\/histoire-et-valeurs-du-programme\\\/#primaryimage\"},\"thumbnailUrl\":\"https:\\\/\\\/www.snitem.fr\\\/sport-et-handicap\\\/wp-content\\\/uploads\\\/2023\\\/05\\\/Visuel-site-1024x683.jpeg\",\"datePublished\":\"2023-05-16T14:23:47+00:00\",\"dateModified\":\"2024-04-23T11:59:15+00:00\",\"breadcrumb\":{\"@id\":\"https:\\\/\\\/www.snitem.fr\\\/sport-et-handicap\\\/histoire-et-valeurs-du-programme\\\/#breadcrumb\"},\"inLanguage\":\"fr-FR\",\"potentialAction\":[{\"@type\":\"ReadAction\",\"target\":[\"https:\\\/\\\/www.snitem.fr\\\/sport-et-handicap\\\/histoire-et-valeurs-du-programme\\\/\"]}]},{\"@type\":\"ImageObject\",\"inLanguage\":\"fr-FR\",\"@id\":\"https:\\\/\\\/www.snitem.fr\\\/sport-et-handicap\\\/histoire-et-valeurs-du-programme\\\/#primaryimage\",\"url\":\"https:\\\/\\\/www.snitem.fr\\\/sport-et-handicap\\\/wp-content\\\/uploads\\\/2023\\\/05\\\/Visuel-site-1024x683.jpeg\",\"contentUrl\":\"https:\\\/\\\/www.snitem.fr\\\/sport-et-handicap\\\/wp-content\\\/uploads\\\/2023\\\/05\\\/Visuel-site-1024x683.jpeg\"},{\"@type\":\"BreadcrumbList\",\"@id\":\"https:\\\/\\\/www.snitem.fr\\\/sport-et-handicap\\\/histoire-et-valeurs-du-programme\\\/#breadcrumb\",\"itemListElement\":[{\"@type\":\"ListItem\",\"position\":1,\"name\":\"Accueil\",\"item\":\"https:\\\/\\\/www.snitem.fr\\\/sport-et-handicap\\\/\"},{\"@type\":\"ListItem\",\"position\":2,\"name\":\"Histoire et valeurs du programme\"}]},{\"@type\":\"WebSite\",\"@id\":\"http:\\\/\\\/snitemhandi.illisite.info\\\/#website\",\"url\":\"http:\\\/\\\/snitemhandi.illisite.info\\\/\",\"name\":\"Sport et handicap\",\"description\":\"\",\"potentialAction\":[{\"@type\":\"SearchAction\",\"target\":{\"@type\":\"EntryPoint\",\"urlTemplate\":\"http:\\\/\\\/snitemhandi.illisite.info\\\/?s={search_term_string}\"},\"query-input\":{\"@type\":\"PropertyValueSpecification\",\"valueRequired\":true,\"valueName\":\"search_term_string\"}}],\"inLanguage\":\"fr-FR\"}]}<\/script>\n<!-- \/ Yoast SEO plugin. -->","yoast_head_json":{"title":"Histoire et valeurs du programme - Sport et handicap","robots":{"index":"index","follow":"follow","max-snippet":"max-snippet:-1","max-image-preview":"max-image-preview:large","max-video-preview":"max-video-preview:-1"},"canonical":"https:\/\/www.snitem.fr\/sport-et-handicap\/histoire-et-valeurs-du-programme\/","og_locale":"fr_FR","og_type":"article","og_title":"Histoire et valeurs du programme - Sport et handicap","og_description":"Pr\u00e9sentation du programme \u00ab\u00a0Sport &amp; Handicap by Snitem\u00a0\u00bb : c&rsquo;est le nom du nouveau projet du Snitem &#8211; qui en est \u00e0 la fois l&rsquo;instigateur et le porteur &#8211; afin de montrer l&rsquo;implication de la fili\u00e8re du DM dans les questions li\u00e9es au handicap.Lanc\u00e9 officiellement en mai 2023, ce programme veut se servir du levier &hellip;","og_url":"https:\/\/www.snitem.fr\/sport-et-handicap\/histoire-et-valeurs-du-programme\/","og_site_name":"Sport et handicap","article_modified_time":"2024-04-23T11:59:15+00:00","og_image":[{"url":"https:\/\/www.snitem.fr\/sport-et-handicap\/wp-content\/uploads\/2023\/05\/Visuel-site-1024x683.jpeg","type":"","width":"","height":""}],"twitter_card":"summary_large_image","twitter_misc":{"Dur\u00e9e de lecture estim\u00e9e":"2 minutes"},"schema":{"@context":"https:\/\/schema.org","@graph":[{"@type":"WebPage","@id":"https:\/\/www.snitem.fr\/sport-et-handicap\/histoire-et-valeurs-du-programme\/","url":"https:\/\/www.snitem.fr\/sport-et-handicap\/histoire-et-valeurs-du-programme\/","name":"Histoire et valeurs du programme - Sport et handicap","isPartOf":{"@id":"http:\/\/snitemhandi.illisite.info\/#website"},"primaryImageOfPage":{"@id":"https:\/\/www.snitem.fr\/sport-et-handicap\/histoire-et-valeurs-du-programme\/#primaryimage"},"image":{"@id":"https:\/\/www.snitem.fr\/sport-et-handicap\/histoire-et-valeurs-du-programme\/#primaryimage"},"thumbnailUrl":"https:\/\/www.snitem.fr\/sport-et-handicap\/wp-content\/uploads\/2023\/05\/Visuel-site-1024x683.jpeg","datePublished":"2023-05-16T14:23:47+00:00","dateModified":"2024-04-23T11:59:15+00:00","breadcrumb":{"@id":"https:\/\/www.snitem.fr\/sport-et-handicap\/histoire-et-valeurs-du-programme\/#breadcrumb"},"inLanguage":"fr-FR","potentialAction":[{"@type":"ReadAction","target":["https:\/\/www.snitem.fr\/sport-et-handicap\/histoire-et-valeurs-du-programme\/"]}]},{"@type":"ImageObject","inLanguage":"fr-FR","@id":"https:\/\/www.snitem.fr\/sport-et-handicap\/histoire-et-valeurs-du-programme\/#primaryimage","url":"https:\/\/www.snitem.fr\/sport-et-handicap\/wp-content\/uploads\/2023\/05\/Visuel-site-1024x683.jpeg","contentUrl":"https:\/\/www.snitem.fr\/sport-et-handicap\/wp-content\/uploads\/2023\/05\/Visuel-site-1024x683.jpeg"},{"@type":"BreadcrumbList","@id":"https:\/\/www.snitem.fr\/sport-et-handicap\/histoire-et-valeurs-du-programme\/#breadcrumb","itemListElement":[{"@type":"ListItem","position":1,"name":"Accueil","item":"https:\/\/www.snitem.fr\/sport-et-handicap\/"},{"@type":"ListItem","position":2,"name":"Histoire et valeurs du programme"}]},{"@type":"WebSite","@id":"http:\/\/snitemhandi.illisite.info\/#website","url":"http:\/\/snitemhandi.illisite.info\/","name":"Sport et handicap","description":"","potentialAction":[{"@type":"SearchAction","target":{"@type":"EntryPoint","urlTemplate":"http:\/\/snitemhandi.illisite.info\/?s={search_term_string}"},"query-input":{"@type":"PropertyValueSpecification","valueRequired":true,"valueName":"search_term_string"}}],"inLanguage":"fr-FR"}]}},"_links":{"self":[{"href":"https:\/\/www.snitem.fr\/sport-et-handicap\/wp-json\/wp\/v2\/pages\/85","targetHints":{"allow":["GET"]}}],"collection":[{"href":"https:\/\/www.snitem.fr\/sport-et-handicap\/wp-json\/wp\/v2\/pages"}],"about":[{"href":"https:\/\/www.snitem.fr\/sport-et-handicap\/wp-json\/wp\/v2\/types\/page"}],"author":[{"embeddable":true,"href":"https:\/\/www.snitem.fr\/sport-et-handicap\/wp-json\/wp\/v2\/users\/1"}],"replies":[{"embeddable":true,"href":"https:\/\/www.snitem.fr\/sport-et-handicap\/wp-json\/wp\/v2\/comments?post=85"}],"version-history":[{"count":11,"href":"https:\/\/www.snitem.fr\/sport-et-handicap\/wp-json\/wp\/v2\/pages\/85\/revisions"}],"predecessor-version":[{"id":473,"href":"https:\/\/www.snitem.fr\/sport-et-handicap\/wp-json\/wp\/v2\/pages\/85\/revisions\/473"}],"wp:attachment":[{"href":"https:\/\/www.snitem.fr\/sport-et-handicap\/wp-json\/wp\/v2\/media?parent=85"}],"curies":[{"name":"wp","href":"https:\/\/api.w.org\/{rel}","templated":true}]}}